{"id":16,"date":"2020-05-07T07:10:55","date_gmt":"2020-05-07T05:10:55","guid":{"rendered":"https:\/\/www.mirabacademy.karmadns.eu\/?page_id=16"},"modified":"2023-05-08T15:41:46","modified_gmt":"2023-05-08T13:41:46","slug":"privacy-policy-app","status":"publish","type":"page","link":"https:\/\/www.mirabacademy.karmadns.eu\/?page_id=16","title":{"rendered":"Privacy Policy app"},"content":{"rendered":"\t\t<div data-elementor-type=\"wp-page\" data-elementor-id=\"16\" class=\"elementor elementor-16\" data-elementor-post-type=\"page\">\n\t\t\t\t\t\t<section class=\"elementor-section elementor-top-section elementor-element elementor-element-868ee6f elementor-section-content-top elementor-section-boxed elementor-section-height-default elementor-section-height-default\" data-id=\"868ee6f\" data-element_type=\"section\" data-e-type=\"section\">\n\t\t\t\t\t\t\t<div class=\"elementor-background-overlay\"><\/div>\n\t\t\t\t\t\t\t<div class=\"elementor-container elementor-column-gap-no\">\n\t\t\t\t\t<div class=\"elementor-column elementor-col-100 elementor-top-column elementor-element elementor-element-c0dd7a2\" data-id=\"c0dd7a2\" data-element_type=\"column\" data-e-type=\"column\">\n\t\t\t<div class=\"elementor-widget-wrap elementor-element-populated\">\n\t\t\t\t\t\t<div class=\"elementor-element elementor-element-c7bec90 elementor-widget elementor-widget-heading\" data-id=\"c7bec90\" data-element_type=\"widget\" data-e-type=\"widget\" data-widget_type=\"heading.default\">\n\t\t\t\t<div class=\"elementor-widget-container\">\n\t\t\t\t\t<h1 class=\"elementor-heading-title elementor-size-default\">Norme sulla privacy<\/h1>\t\t\t\t<\/div>\n\t\t\t\t<\/div>\n\t\t\t\t<div class=\"elementor-element elementor-element-6543e8b elementor-widget-divider--view-line elementor-widget elementor-widget-divider\" data-id=\"6543e8b\" data-element_type=\"widget\" data-e-type=\"widget\" data-widget_type=\"divider.default\">\n\t\t\t\t<div class=\"elementor-widget-container\">\n\t\t\t\t\t\t\t<div class=\"elementor-divider\">\n\t\t\t<span class=\"elementor-divider-separator\">\n\t\t\t\t\t\t<\/span>\n\t\t<\/div>\n\t\t\t\t\t\t<\/div>\n\t\t\t\t<\/div>\n\t\t\t\t\t<\/div>\n\t\t<\/div>\n\t\t\t\t\t<\/div>\n\t\t<\/section>\n\t\t\t\t<section class=\"elementor-section elementor-top-section elementor-element elementor-element-1b1f0e4 elementor-section-boxed elementor-section-height-default elementor-section-height-default\" data-id=\"1b1f0e4\" data-element_type=\"section\" data-e-type=\"section\">\n\t\t\t\t\t\t<div class=\"elementor-container elementor-column-gap-no\">\n\t\t\t\t\t<div class=\"elementor-column elementor-col-100 elementor-top-column elementor-element elementor-element-c5180a0\" data-id=\"c5180a0\" data-element_type=\"column\" data-e-type=\"column\">\n\t\t\t<div class=\"elementor-widget-wrap elementor-element-populated\">\n\t\t\t\t\t\t<div class=\"elementor-element elementor-element-c7de095 elementor-widget elementor-widget-text-editor\" data-id=\"c7de095\" data-element_type=\"widget\" data-e-type=\"widget\" data-widget_type=\"text-editor.default\">\n\t\t\t\t<div class=\"elementor-widget-container\">\n\t\t\t\t\t\t\t\t\t<div><h1><span data-ui-id=\"page-title-wrapper\">Norme sulla Privacy e sui Cookie<\/span><\/h1><\/div><div><div data-placeholder=\"messages\">\u00a0<\/div><div data-bind=\"scope: 'messages'\">\u00a0<\/div><\/div><div><div><div data-content-type=\"html\" data-appearance=\"default\" data-element=\"main\" data-decoded=\"true\"><div><p>Informativa privacy ai sensi dell&#8217;art. 13 del Regolamento UE 679\/2016<\/p><p>La presente informativa \u00e8 resa ai sensi dell&#8217;art. 13 del Regolamento UE 679\/2016 in favore degli utenti che utilizzano l&#8217;Applicazione denominata Mirab Academy cosi come descritta nelle condizioni di utilizzo. L&#8217;informativa in parola descrive le modalit\u00e0 di gestione e funzionamento delle App in riferimento al Trattamento dei dati personali. L&#8217;utente che sottoscrive i servizi erogati dalla societ\u00e0 Mirab academy tramite l &#8216;applicazione \u00e8 tenuto alla lettura e all&#8217;accettazione della presente informativa. L&#8217;informativa \u00e8 resa unicamente per l&#8217;applicazione e per i servizi ivi contenuti e non anche per siti esterni e\/ o altre applicazioni eventualmente consultabili dall&#8217;utente tramite link o in altre modalit\u00e0<\/p><p>IDENTITA&#8217; TITOLARE DEL TRATTAMENTO<br \/>Titolare del trattamento ai sensi degli artt. 4 e 24 del Regolamento \u00e8 Mirab academy. con sede in Via Aristofane Ex 47, 90011 Bagheria (Pa), e mail\u00a0<a style=\"outline: 0px; cursor: pointer; line-height: 21px; vertical-align: baseline; word-break: break-word; display: inline-block; font-family: Zoho_Puvi_Regular, sans-serif; font-size: 14px; text-size-adjust: auto;\" href=\"mailto:trapaniluigi@pec.it\" data-zcqa=\"value_PEC\">trapaniluigi@pec.it<\/a>, avente P.Iva\u00a0<span style=\"background-color: #ffffff; color: #313949; font-family: Zoho_Puvi_Regular, sans-serif; font-size: 14px; caret-color: #313949;\">06752010824.\u00a0<\/span><span style=\"font-style: inherit; font-weight: inherit; background-color: var(--ast-global-color-4); color: var(--ast-global-color-3);\">L&#8217;utente dell&#8217;applicazione pu\u00f2 rivolgersi al Titolare del trattamento scrivendo al citato indirizzo o inviando una e mail\u00a0<\/span><a style=\"outline: 0px; cursor: pointer; line-height: 21px; vertical-align: baseline; word-break: break-word; display: inline-block; font-family: Zoho_Puvi_Regular, sans-serif; font-size: 14px; text-size-adjust: auto;\" href=\"mailto:trapaniluigi@pec.it\" data-zcqa=\"value_PEC\">trapaniluigi@pec.it<\/a><\/p><p>DATI PERSONALI OGGETTO DI TRATTAMENTO<br \/>I dati personali raccolti nell&#8217; APP sono i seguenti:<br \/>Nome<br \/>Cognome<\/p><p>email<\/p><p>Nonch\u00e8 dati di natura tecnica acquisiti dal funzionamento della APP ( in particolare informazioni sul dispositivo utilizzato etc) I dati saranno trattati per lo svolgimento di tutte le attivit\u00e0 connesse e strumentali all&#8217;erogazione dei servizi offerti tramite la APP.<\/p><p>FINALITA&#8217; DI TRATTAMENTO CUI SONO DESTINATI I DATI E BASE GIURIDICA DEL TRATTAMENTO<\/p><p>\u27a2 Trattamento dei dati personali per finalit\u00e0 connesse all&#8217;utilizzo della App e per l&#8217;erogazione dei servizi<br \/>I dati personali direttamente forniti dall&#8217;utente o acquisiti dal funzionamento della App saranno trattati per le finalit\u00e0 inerenti la prestazione dei servizi disponibili attraverso l&#8217;App secondo quanto previsto dalle condizioni di utilizzo. Per finalit\u00e0 inerenti la prestazione dei servizi disponibili attraverso l&#8217;App deve intendersi qualsiasi operazione di trattamento dei dati correlata allo svolgimento di tutte le attivit\u00e0 connesse e strumentali all&#8217;erogazione dei servizi offerti tramite l&#8217;App. I dati personali dell&#8217;utente saranno trattati per la personalizzazione e il miglioramento dei servizi e verificare la correttezza dei dati dell&#8217;utente. La Base giuridica del trattamento per le suddette finalit\u00e0 \u00e8 l&#8217;art. 6 paragrafo 1, lettera b) del GDPR Il trattamento \u00e8 necessario all&#8217;esecuzione di un contratto il cui interessato \u00e8 parte o dell&#8217;esecuzione o delle misure<\/p><p>\u27a2 Trattamento dei dati personali con finalit\u00e0 promozionali o di marketing<\/p><p>I dati personali forniti dall&#8217;utente potranno, inoltre, essere trattati dallo scrivente Titolare qualora l&#8217;interessato presti il consenso specifico ai sensi dell&#8217;art. 7 del Regolamento, per finalit\u00e0 di informazione e promozione commerciali di prodotti e servizi offerti da Vita brillante, attraverso strumenti di comunicazione elettronica come per esempio e mail sms e tramite strumenti tradizionali come posta cartacea o chiamate . La base giuridica del trattamento per la finalit\u00e0 sopra elencate \u00e8 il consenso dell&#8217;interessato ai sensi dell&#8217;art. 6 paragrafo 1 lettera a) del Regolamento<\/p><p>\u27a2 Trattamento dei dati personali per finalit\u00e0 di comunicazione a soggetti terzi<br \/>I dati personali non verranno comunicati a terzi<\/p><p>\u27a2 Modalit\u00e0 di trattamento dei dati<br \/>Il trattamento dei dati personali dell&#8217;utente potr\u00e0 essere effettuato con l&#8217;ausilio di mezzi elettronici o anche con l&#8217;ausilio di data base o banche dati di propriet\u00e0 del titolare del trattamento. Il trattamento dei dati sar\u00e0 effettuato con sistemi atti a memorizzare e gestire con logiche strettamente correlate alle finalit\u00e0 sopra esposte. Si rappresenta che i sistemi informatici e le procedure software preposte al funzionamento della App (Apple store o Google play) acquisiscono nel corso del loro normale esercizio alcuni dati comunque riferibili all&#8217;utente la cui trasmissione \u00e8 implicita nell&#8217;uso dei protocolli di comunicazione internet degli smartphone e dei dispositivi utilizzati.<\/p><p>L&#8217;utente pu\u00f2 consultare le informazioni sulla privacy rese disponibili sui seguenti siti<br \/>Apple store: https:\/\/www.apple.com\/legal\/internet-services\/itunes\/it\/terms.html<br \/>Google play: https:\/\/play.google.com\/intl\/it_it\/about\/play-terms\/index.html<\/p><p>\u27a2 Trasferimento dei dati personali all&#8217;estero<br \/>Nessun dato personale dell&#8217;interessato verr\u00e0 trasferito a terzi o paesi terzi al di fuori dell&#8217;Unione europea o organizzazioni internazionali.<\/p><p>\u27a2 Periodo di conservazione dei dati personali<br \/>I dati personali oggetto di trattamento saranno conservati in ottemperanza a quanto disposto dall&#8217;art. 5 del Regolamento in una forma che consente l&#8217;identificazione degli interessati per un arco di tempo non superiore al conseguimento delle finalit\u00e0 sopraindicate per le quali i dati personali sono trattati. In particolare i dati raccolti con la App saranno conservati per il tempo strettamente necessari erogati dalla App, fatti salvi eventuali obblighi di legge. I dati personali raccolti per le finalit\u00e0 promozionali e di marketing sono conservati fino alla decisione dell&#8217;interessato di revocare il consenso e comunque non oltre 24 mesi decorrenti dalla disattivazione e disinstallazione dell&#8217;App. Al termine del periodo di conversazione i dati da Lei conferiti saranno cancellati ovvero resi anonimi.<\/p><p>\u27a2 Diritti dell&#8217;interessato<br \/>Ai sensi degli art. 15 e ss. Del Regolameto. L&#8217;utente ha il diritto di chiedere al titolare del trattamento: Accesso ai propri dati personali rettifica o cancellazione degli stessi o la limitazione del trattamento che lo riguardano opposizione al trattamento portabilit\u00e0 dei dati nei termini di cui all&#8217;art.20 del Regolamento.<\/p><p>Fatto salvo ogni altro ricorso amministrativo o giurisdizionale, l&#8217;interessato che ritenga che il trattamento che lo riguarda violi il GDPR ha il diritto di proporre reclamo a un &#8216;autorit\u00e0 di controllo segnatamente nello stato membro in cui risiede abitualmente lavora oppure del luogo ove si \u00e8 verificata la presunta violazione ai sensi dell&#8217;art. 77 ( l&#8217;autorit\u00e0 di controllo italiana \u00e8 Il GDPR per la protezione dei dati personali . Per esercitare i diritti di cui sopra l&#8217;utente potr\u00e0 rivolgersi al Titolare del trattamento ai recapiti indicati sopra<\/p><p>\u27a2 Revoca del consenso<br \/>In qualsiasi momento l&#8217;utente potr\u00e0 disinstallare dal proprio dispositivo l&#8217;applicazione Aggiornamenti<br \/>La presente normativa pu\u00f2 subire modifiche a seguito di integrazioni o modifiche normative<br \/>Modalit\u00e0 di utilizzo da parte di google delle informazioni fornite dalle app che usano i suoi servizi<br \/>https:\/\/policies.google.com\/technologies\/partner-sites<\/p><\/div><\/div><\/div><\/div>\t\t\t\t\t\t\t\t<\/div>\n\t\t\t\t<\/div>\n\t\t\t\t\t<\/div>\n\t\t<\/div>\n\t\t\t\t\t<\/div>\n\t\t<\/section>\n\t\t\t\t<\/div>\n\t\t","protected":false},"excerpt":{"rendered":"<p>Norme sulla privacy Norme sulla Privacy e sui Cookie Informativa privacy ai sensi dell&#8217;art. 13 del Regolamento UE 679\/2016 La presente informativa \u00e8 resa ai sensi dell&#8217;art. 13 del Regolamento UE 679\/2016 in favore degli utenti che utilizzano l&#8217;Applicazione denominata Mirab Academy cosi come descritta nelle condizioni di utilizzo. L&#8217;informativa in parola descrive le modalit\u00e0 &hellip;<\/p>\n<p class=\"read-more\"> <a class=\"\" href=\"https:\/\/www.mirabacademy.karmadns.eu\/?page_id=16\"> <span class=\"screen-reader-text\">Privacy Policy app<\/span> Leggi altro &raquo;<\/a><\/p>\n","protected":false},"author":1,"featured_media":0,"parent":0,"menu_order":0,"comment_status":"closed","ping_status":"closed","template":"","meta":{"site-sidebar-layout":"no-sidebar","site-content-layout":"page-builder","ast-global-header-display":"","ast-main-header-display":"","ast-hfb-above-header-display":"","ast-hfb-below-header-display":"","ast-hfb-mobile-header-display":"","site-post-title":"disabled","ast-breadcrumbs-content":"disabled","ast-featured-img":"disabled","footer-sml-layout":"","theme-transparent-header-meta":"enabled","adv-header-id-meta":"","stick-header-meta":"","header-above-stick-meta":"","header-main-stick-meta":"","header-below-stick-meta":"","footnotes":""},"class_list":["post-16","page","type-page","status-publish","hentry"],"_links":{"self":[{"href":"https:\/\/www.mirabacademy.karmadns.eu\/index.php?rest_route=\/wp\/v2\/pages\/16","targetHints":{"allow":["GET"]}}],"collection":[{"href":"https:\/\/www.mirabacademy.karmadns.eu\/index.php?rest_route=\/wp\/v2\/pages"}],"about":[{"href":"https:\/\/www.mirabacademy.karmadns.eu\/index.php?rest_route=\/wp\/v2\/types\/page"}],"author":[{"embeddable":true,"href":"https:\/\/www.mirabacademy.karmadns.eu\/index.php?rest_route=\/wp\/v2\/users\/1"}],"replies":[{"embeddable":true,"href":"https:\/\/www.mirabacademy.karmadns.eu\/index.php?rest_route=%2Fwp%2Fv2%2Fcomments&post=16"}],"version-history":[{"count":5,"href":"https:\/\/www.mirabacademy.karmadns.eu\/index.php?rest_route=\/wp\/v2\/pages\/16\/revisions"}],"predecessor-version":[{"id":267,"href":"https:\/\/www.mirabacademy.karmadns.eu\/index.php?rest_route=\/wp\/v2\/pages\/16\/revisions\/267"}],"wp:attachment":[{"href":"https:\/\/www.mirabacademy.karmadns.eu\/index.php?rest_route=%2Fwp%2Fv2%2Fmedia&parent=16"}],"curies":[{"name":"wp","href":"https:\/\/api.w.org\/{rel}","templated":true}]}}